{"id":2,"date":"2015-09-07T09:08:58","date_gmt":"2015-09-07T07:08:58","guid":{"rendered":"http:\/\/ork15.cqtest.se\/?page_id=2"},"modified":"2026-02-23T10:41:19","modified_gmt":"2026-02-23T09:41:19","slug":"medlem","status":"publish","type":"page","link":"https:\/\/www.luleaorkesterforening.se\/","title":{"rendered":"START"},"content":{"rendered":"<div class=\"wp-block-image\">\n<figure class=\"aligncenter size-large\"><img loading=\"lazy\" decoding=\"async\" width=\"576\" height=\"1024\" src=\"https:\/\/www.luleaorkesterforening.se\/wp-content\/uploads\/2026\/01\/AWC-KH-Skarm-1-576x1024.jpg\" alt=\"\" class=\"wp-image-1679\" srcset=\"https:\/\/www.luleaorkesterforening.se\/wp-content\/uploads\/2026\/01\/AWC-KH-Skarm-1-576x1024.jpg 576w, https:\/\/www.luleaorkesterforening.se\/wp-content\/uploads\/2026\/01\/AWC-KH-Skarm-1-169x300.jpg 169w, https:\/\/www.luleaorkesterforening.se\/wp-content\/uploads\/2026\/01\/AWC-KH-Skarm-1-84x150.jpg 84w, https:\/\/www.luleaorkesterforening.se\/wp-content\/uploads\/2026\/01\/AWC-KH-Skarm-1-768x1365.jpg 768w, https:\/\/www.luleaorkesterforening.se\/wp-content\/uploads\/2026\/01\/AWC-KH-Skarm-1-864x1536.jpg 864w, https:\/\/www.luleaorkesterforening.se\/wp-content\/uploads\/2026\/01\/AWC-KH-Skarm-1.jpg 1080w\" sizes=\"auto, (max-width: 576px) 100vw, 576px\" \/><\/figure>\n<\/div>\n\n\n<h2 class=\"wp-block-heading has-text-align-center\">Sverigepremi\u00e4r<\/h2>\n\n\n\n<p class=\"has-text-align-center\">F\u00f6r f\u00f6rsta g\u00e5ngen p\u00e5 svensk scen framf\u00f6rs<br \/>konsertversionen av musiken i <br \/>den internationellt hyllade animerade filmen<br \/>&#8221;Min v\u00e4n Totoro&#8221;<br \/><\/p>\n\n\n\n<p class=\"has-text-align-left\"><br \/><\/p>\n\n\n\n<p class=\"has-text-align-center has-cyan-bluish-gray-color has-text-color has-link-color has-medium-font-size wp-elements-7d6d2b3f1d598af2471ddaaba3bde6bc\"><\/p>\n\n\n\n<p><\/p>\n\n\n\n<p class=\"has-text-align-center has-cyan-bluish-gray-color has-text-color has-link-color has-large-font-size wp-elements-69a22191dcc61f25541463a8b0e9648a\"><\/p>\n\n\n\n<p class=\"has-text-align-center has-cyan-bluish-gray-color has-text-color has-link-color has-x-large-font-size wp-elements-4047a55b3724d07dc4dd835f5b875fb2\"><\/p>\n\n\n\n<p class=\"has-text-align-center has-medium-font-size\"><\/p>\n\n\n\n<p><\/p>\n\n\n\n<h2 class=\"wp-block-heading has-x-large-font-size\"><\/h2>\n\n\n\n<p class=\"has-x-large-font-size\"><\/p>\n\n\n<div class=\"wp-block-image\">\n<figure class=\"aligncenter size-large is-resized\"><img loading=\"lazy\" decoding=\"async\" width=\"1024\" height=\"706\" src=\"https:\/\/www.luleaorkesterforening.se\/wp-content\/uploads\/2023\/06\/LK_logo_1rad_RGB-1024x706.png\" alt=\"\" class=\"wp-image-1341\" style=\"width:125px;height:auto\"\/><\/figure>\n<\/div>\n\n\n<p class=\"has-medium-font-size\"><\/p>\n\n\n\n<p><\/p>\n","protected":false},"excerpt":{"rendered":"<p>Sverigepremi\u00e4r F\u00f6r f\u00f6rsta g\u00e5ngen p\u00e5 svensk scen framf\u00f6rskonsertversionen av musiken i den internationellt hyllade animerade filmen&#8221;Min v\u00e4n Totoro&#8221;<\/p>\n","protected":false},"author":1,"featured_media":1677,"parent":0,"menu_order":0,"comment_status":"closed","ping_status":"closed","template":"custom-page.php","meta":{"footnotes":""},"class_list":["post-2","page","type-page","status-publish","has-post-thumbnail","czr-hentry"],"_links":{"self":[{"href":"https:\/\/www.luleaorkesterforening.se\/index.php?rest_route=\/wp\/v2\/pages\/2","targetHints":{"allow":["GET"]}}],"collection":[{"href":"https:\/\/www.luleaorkesterforening.se\/index.php?rest_route=\/wp\/v2\/pages"}],"about":[{"href":"https:\/\/www.luleaorkesterforening.se\/index.php?rest_route=\/wp\/v2\/types\/page"}],"author":[{"embeddable":true,"href":"https:\/\/www.luleaorkesterforening.se\/index.php?rest_route=\/wp\/v2\/users\/1"}],"replies":[{"embeddable":true,"href":"https:\/\/www.luleaorkesterforening.se\/index.php?rest_route=%2Fwp%2Fv2%2Fcomments&post=2"}],"version-history":[{"count":270,"href":"https:\/\/www.luleaorkesterforening.se\/index.php?rest_route=\/wp\/v2\/pages\/2\/revisions"}],"predecessor-version":[{"id":1716,"href":"https:\/\/www.luleaorkesterforening.se\/index.php?rest_route=\/wp\/v2\/pages\/2\/revisions\/1716"}],"wp:featuredmedia":[{"embeddable":true,"href":"https:\/\/www.luleaorkesterforening.se\/index.php?rest_route=\/wp\/v2\/media\/1677"}],"wp:attachment":[{"href":"https:\/\/www.luleaorkesterforening.se\/index.php?rest_route=%2Fwp%2Fv2%2Fmedia&parent=2"}],"curies":[{"name":"wp","href":"https:\/\/api.w.org\/{rel}","templated":true}]}}