{"id":71,"date":"2015-09-07T19:15:07","date_gmt":"2015-09-07T17:15:07","guid":{"rendered":"http:\/\/ork15.cqtest.se\/?page_id=71"},"modified":"2024-08-28T13:31:11","modified_gmt":"2024-08-28T11:31:11","slug":"kontakt","status":"publish","type":"page","link":"https:\/\/www.luleaorkesterforening.se\/?page_id=71","title":{"rendered":"Kontakt"},"content":{"rendered":"<p style=\"padding-left: 150px;\">Ordf\u00f6rande:<br \/>\nLars-Olov S\u00f6derstr\u00f6m<\/p>\n<p style=\"padding-left: 150px;\">Vice ordf\u00f6rande:<br \/>\nMonika Jonasson<\/p>\n<p style=\"padding-left: 150px;\">Sekreterare:<br \/>\nStig-Arne Nordstr\u00f6m<\/p>\n<p style=\"padding-left: 150px;\">Ledam\u00f6ter:<br \/>\nMarianne Eriksson<br \/>\nAnneli Nielsen<br \/>\nChristian\u00a0\u00a0Feivik<br \/>\nElisabeth Grunditz Steen<\/p>\n<p style=\"padding-left: 150px;\">Suppleanter:<br \/>\nMagnus Plumppu<br \/>\nMaria Viklund<\/p>\n<p style=\"padding-left: 150px;\">E-post <a href=\"mailto:luleaorkesterforening@gmail.se\">luleaorkesterforening@gmail.com<\/a><br \/>\nOrg.nr\u00a0897000-6535<br \/>\nBankgiro752-5801<\/p>\n","protected":false},"excerpt":{"rendered":"<p>Ordf\u00f6rande: Lars-Olov S\u00f6derstr\u00f6m Vice ordf\u00f6rande: Monika Jonasson Sekreterare: Stig-Arne Nordstr\u00f6m Ledam\u00f6ter: Marianne Eriksson Anneli Nielsen Christian\u00a0\u00a0Feivik Elisabeth Grunditz Steen Suppleanter: Magnus Plumppu Maria Viklund E-post luleaorkesterforening@gmail.com Org.nr\u00a0897000-6535 Bankgiro752-5801<\/p>\n","protected":false},"author":1,"featured_media":0,"parent":0,"menu_order":0,"comment_status":"closed","ping_status":"closed","template":"","meta":{"footnotes":""},"class_list":["post-71","page","type-page","status-publish","czr-hentry"],"_links":{"self":[{"href":"https:\/\/www.luleaorkesterforening.se\/index.php?rest_route=\/wp\/v2\/pages\/71","targetHints":{"allow":["GET"]}}],"collection":[{"href":"https:\/\/www.luleaorkesterforening.se\/index.php?rest_route=\/wp\/v2\/pages"}],"about":[{"href":"https:\/\/www.luleaorkesterforening.se\/index.php?rest_route=\/wp\/v2\/types\/page"}],"author":[{"embeddable":true,"href":"https:\/\/www.luleaorkesterforening.se\/index.php?rest_route=\/wp\/v2\/users\/1"}],"replies":[{"embeddable":true,"href":"https:\/\/www.luleaorkesterforening.se\/index.php?rest_route=%2Fwp%2Fv2%2Fcomments&post=71"}],"version-history":[{"count":58,"href":"https:\/\/www.luleaorkesterforening.se\/index.php?rest_route=\/wp\/v2\/pages\/71\/revisions"}],"predecessor-version":[{"id":1473,"href":"https:\/\/www.luleaorkesterforening.se\/index.php?rest_route=\/wp\/v2\/pages\/71\/revisions\/1473"}],"wp:attachment":[{"href":"https:\/\/www.luleaorkesterforening.se\/index.php?rest_route=%2Fwp%2Fv2%2Fmedia&parent=71"}],"curies":[{"name":"wp","href":"https:\/\/api.w.org\/{rel}","templated":true}]}}